{"id":32,"date":"2013-06-25T18:38:57","date_gmt":"2013-06-25T16:38:57","guid":{"rendered":"http:\/\/ff-hengsberg.at\/wordpress\/?page_id=32"},"modified":"2025-01-20T12:31:48","modified_gmt":"2025-01-20T10:31:48","slug":"veranstaltungen","status":"publish","type":"page","link":"https:\/\/ff-hengsberg.at\/?page_id=32","title":{"rendered":"Termine"},"content":{"rendered":"<p>[et_pb_section fb_built=&#8220;1&#8243; _builder_version=&#8220;4.24.0&#8243; global_colors_info=&#8220;{}&#8220;][et_pb_row _builder_version=&#8220;4.16&#8243; background_size=&#8220;initial&#8220; background_position=&#8220;top_left&#8220; background_repeat=&#8220;repeat&#8220; global_colors_info=&#8220;{}&#8220;][et_pb_column type=&#8220;4_4&#8243; _builder_version=&#8220;4.16&#8243; custom_padding=&#8220;|||&#8220; global_colors_info=&#8220;{}&#8220; custom_padding__hover=&#8220;|||&#8220;][et_pb_text _builder_version=&#8220;4.27.0&#8243; _module_preset=&#8220;default&#8220; hover_enabled=&#8220;0&#8243; global_colors_info=&#8220;{}&#8220; sticky_enabled=&#8220;0&#8243;]<\/p>\n<p>Festakt am 31. August 2025 vor dem R\u00fcsthaus. Beachten sie bitte, dass f\u00fcr diesen Tag eine Totalsperre der Dorfstra\u00dfe geplant ist!<\/p>\n<p>[\/et_pb_text][et_pb_text _builder_version=&#8220;4.24.0&#8243; _module_preset=&#8220;default&#8220; min_height=&#8220;31px&#8220; global_colors_info=&#8220;{}&#8220;]<\/p>\n<h3><strong>Veranstaltungen 2025:<\/strong><\/h3>\n<p>[\/et_pb_text][et_pb_text _builder_version=&#8220;4.23.1&#8243; _module_preset=&#8220;default&#8220; custom_padding=&#8220;||1px|||&#8220; global_colors_info=&#8220;{}&#8220;]<\/p>\n<p>Feuerl\u00f6scher\u00fcberpr\u00fcfung &#8211; 27.06.2025<br \/>Fetzenmarkt &#8211; 28.06.2025<br \/>Ripperlgrillen &#8211; 30.08.2025<\/p>\n<p>Segnung Feuerwehrdepot &#8211; 31.08.2025<br \/>Festakt zum 120. Gr\u00fcndungsjubil\u00e4um &#8211; 31.08.2025<br \/>Friedenslichtaktion &#8211; 23.12.2025 ab 19:30 Uhr<\/p>\n<p>[\/et_pb_text][et_pb_text _builder_version=&#8220;4.23.1&#8243; _module_preset=&#8220;default&#8220; global_colors_info=&#8220;{}&#8220;]<\/p>\n<h3>Kommandantensprechtage<\/h3>\n<p>[\/et_pb_text][et_pb_text _builder_version=&#8220;4.23.1&#8243; _module_preset=&#8220;default&#8220; global_colors_info=&#8220;{}&#8220;]<\/p>\n<p>Bitte telefonisch vereinbaren.<\/p>\n<p>[\/et_pb_text][\/et_pb_column][\/et_pb_row][\/et_pb_section]<\/p>\n","protected":false},"excerpt":{"rendered":"<p>Festakt am 31. August 2025 vor dem R\u00fcsthaus. Beachten sie bitte, dass f\u00fcr diesen Tag eine Totalsperre der Dorfstra\u00dfe geplant ist!Veranstaltungen 2025:Feuerl\u00f6scher\u00fcberpr\u00fcfung &#8211; 27.06.2025Fetzenmarkt &#8211; 28.06.2025Ripperlgrillen &#8211; 30.08.2025 Segnung Feuerwehrdepot &#8211; 31.08.2025Festakt zum 120. Gr\u00fcndungsjubil\u00e4um &#8211; 31.08.2025Friedenslichtaktion &#8211; 23.12.2025 ab 19:30 UhrKommandantensprechtageBitte telefonisch vereinbaren.<\/p>\n","protected":false},"author":1,"featured_media":0,"parent":0,"menu_order":1,"comment_status":"closed","ping_status":"open","template":"","meta":{"_et_pb_use_builder":"on","_et_pb_old_content":"<!-- wp:paragraph -->\n<p>Branddienstleistungspr\u00fcfung der Gruppen Bronze - Silber - Gold am 29.4.2023. Beginn um 13:00 Uhr.<\/p>\n<!-- \/wp:paragraph -->\n\n<!-- wp:paragraph -->\n<p>Achtung: Stra\u00dfensperre vor dem R\u00fcsthaus von 12:30 bis 15:30 Uhr.<\/p>\n<!-- \/wp:paragraph -->\n\n<!-- wp:heading {\"level\":3} -->\n<h3 class=\"wp-block-heading\">Veranstaltungen 2023<\/h3>\n<!-- \/wp:heading -->\n\n<!-- wp:paragraph -->\n<p>Feuerl\u00f6scher\u00fcberpr\u00fcfung - 16.Juni 2023<\/p>\n<!-- \/wp:paragraph -->\n\n<!-- wp:paragraph -->\n<p>Fetzenmarkt - 17. Juni 2023<\/p>\n<!-- \/wp:paragraph -->\n\n<!-- wp:paragraph -->\n<p>Ripperlgrillen - 2.9.2023<\/p>\n<!-- \/wp:paragraph -->\n\n<!-- wp:paragraph -->\n<p>Segnung MTF - 3.9.2023 (Storniert!)<\/p>\n<!-- \/wp:paragraph -->\n\n<!-- wp:heading {\"level\":3} -->\n<h3 class=\"wp-block-heading\">Kommandantensprechtage<\/h3>\n<!-- \/wp:heading -->\n\n<!-- wp:paragraph -->\n<p>Bitte telefonisch vereinbaren.<\/p>\n<!-- \/wp:paragraph -->","_et_gb_content_width":"","footnotes":""},"class_list":["post-32","page","type-page","status-publish","hentry"],"_links":{"self":[{"href":"https:\/\/ff-hengsberg.at\/index.php?rest_route=\/wp\/v2\/pages\/32","targetHints":{"allow":["GET"]}}],"collection":[{"href":"https:\/\/ff-hengsberg.at\/index.php?rest_route=\/wp\/v2\/pages"}],"about":[{"href":"https:\/\/ff-hengsberg.at\/index.php?rest_route=\/wp\/v2\/types\/page"}],"author":[{"embeddable":true,"href":"https:\/\/ff-hengsberg.at\/index.php?rest_route=\/wp\/v2\/users\/1"}],"replies":[{"embeddable":true,"href":"https:\/\/ff-hengsberg.at\/index.php?rest_route=%2Fwp%2Fv2%2Fcomments&post=32"}],"version-history":[{"count":60,"href":"https:\/\/ff-hengsberg.at\/index.php?rest_route=\/wp\/v2\/pages\/32\/revisions"}],"predecessor-version":[{"id":3761,"href":"https:\/\/ff-hengsberg.at\/index.php?rest_route=\/wp\/v2\/pages\/32\/revisions\/3761"}],"wp:attachment":[{"href":"https:\/\/ff-hengsberg.at\/index.php?rest_route=%2Fwp%2Fv2%2Fmedia&parent=32"}],"curies":[{"name":"wp","href":"https:\/\/api.w.org\/{rel}","templated":true}]}}