{"id":1240,"date":"2015-10-24T17:35:20","date_gmt":"2015-10-24T15:35:20","guid":{"rendered":"http:\/\/ff-hengsberg.at\/?page_id=1240"},"modified":"2022-06-24T12:51:46","modified_gmt":"2022-06-24T10:51:46","slug":"strahlenschutz","status":"publish","type":"page","link":"https:\/\/ff-hengsberg.at\/?page_id=1240","title":{"rendered":"Strahlenschutz"},"content":{"rendered":"<p>[et_pb_section fb_built=&#8220;1&#8243; fullwidth=&#8220;on&#8220; disabled_on=&#8220;off|off|off&#8220; admin_label=&#8220;Hero&#8220; _builder_version=&#8220;4.16&#8243; background_color=&#8220;#1f1f1f&#8220; parallax=&#8220;on&#8220; custom_padding=&#8220;|||&#8220; transparent_background=&#8220;on&#8220; global_colors_info=&#8220;{}&#8220;][et_pb_fullwidth_header title=&#8220;Strahlenschutz&#8220; background_overlay_color=&#8220;rgba(31,31,31,0.85)&#8220; subhead_font_color=&#8220;#bebebe&#8220; _builder_version=&#8220;4.17.4&#8243; title_font=&#8220;Alata||||||||&#8220; title_text_color=&#8220;#ffffff&#8220; title_font_size=&#8220;72px&#8220; title_line_height=&#8220;1.3em&#8220; content_font=&#8220;Montserrat||||&#8220; content_text_color=&#8220;#bfbfbf&#8220; content_font_size=&#8220;19px&#8220; content_line_height=&#8220;1.8em&#8220; subhead_font=&#8220;Montserrat||||&#8220; subhead_text_color=&#8220;#bebebe&#8220; subhead_line_height=&#8220;1.8em&#8220; background_color=&#8220;rgba(255, 255, 255, 0)&#8220; background_image=&#8220;https:\/\/ff-hengsberg.at\/wp-content\/uploads\/2019\/05\/k-IMG_0879.jpg&#8220; parallax=&#8220;on&#8220; parallax_method=&#8220;on&#8220; custom_padding=&#8220;2%||2%||false|false&#8220; animation_style=&#8220;zoom&#8220; animation_duration=&#8220;1500ms&#8220; animation_intensity_zoom=&#8220;4%&#8220; title_line_height_last_edited=&#8220;off|desktop&#8220; global_colors_info=&#8220;{}&#8220; button_one_text_size__hover_enabled=&#8220;off&#8220; button_two_text_size__hover_enabled=&#8220;off&#8220; button_one_text_color__hover_enabled=&#8220;off&#8220; button_two_text_color__hover_enabled=&#8220;off&#8220; button_one_border_width__hover_enabled=&#8220;off&#8220; button_two_border_width__hover_enabled=&#8220;off&#8220; button_one_border_color__hover_enabled=&#8220;off&#8220; button_two_border_color__hover_enabled=&#8220;off&#8220; button_one_border_radius__hover_enabled=&#8220;off&#8220; button_two_border_radius__hover_enabled=&#8220;off&#8220; button_one_letter_spacing__hover_enabled=&#8220;off&#8220; button_two_letter_spacing__hover_enabled=&#8220;off&#8220; button_one_bg_color__hover_enabled=&#8220;off&#8220; button_two_bg_color__hover_enabled=&#8220;off&#8220;]<\/p>\n<p>&nbsp;<\/p>\n<p>Als Strahlenschutzst\u00fctzpunkt des Bereiches Leibnitz tr\u00e4gt die FF Hengsberg eine<\/p>\n<p>gro\u00dfe Verantwortung in diesem Bereich.\u00a0<\/p>\n<p>&nbsp;<\/p>\n<p>[\/et_pb_fullwidth_header][\/et_pb_section][et_pb_section fb_built=&#8220;1&#8243; admin_label=&#8220;section&#8220; _builder_version=&#8220;4.16&#8243; global_colors_info=&#8220;{}&#8220;][et_pb_row admin_label=&#8220;row&#8220; _builder_version=&#8220;4.16&#8243; background_size=&#8220;initial&#8220; background_position=&#8220;top_left&#8220; background_repeat=&#8220;repeat&#8220; global_colors_info=&#8220;{}&#8220;][et_pb_column type=&#8220;4_4&#8243; _builder_version=&#8220;4.16&#8243; custom_padding=&#8220;|||&#8220; global_colors_info=&#8220;{}&#8220; custom_padding__hover=&#8220;|||&#8220;][et_pb_text admin_label=&#8220;Text&#8220; _builder_version=&#8220;4.16&#8243; background_size=&#8220;initial&#8220; background_position=&#8220;top_left&#8220; background_repeat=&#8220;repeat&#8220; global_colors_info=&#8220;{}&#8220;]<\/p>\n<p><span style=\"font-size: 14px;\">UV, GSM, UMTS, WLAN, LTE, TV, Funk, R\u00f6ntgen, IR, Erdstrahlen uvm. K\u00f6nnten wir die Strahlen einf\u00e4rben, w\u00fcrden wir wohl in einem undurchsichtigen Farbennebel leben! Ganz so schlimm ist es aber (noch) nicht. Seit jeher ist der Mensch ionisierender Strahlung ausgesetzt. Die nat\u00fcrlich auftretende Strahlung kommt aus dem Weltraum und von nat\u00fcrlich radioaktiven Stoffen in der Umwelt, vor allem in den B\u00f6den und Gesteinen der Erdkruste. Jedoch mit der technischen Entwicklung hat sich der Mensch in zunehmendem Ma\u00dfe ionisierende Strahlung nutzbar gemacht. Diese Strahlung kann aber Mensch und Umwelt sch\u00e4digen.<\/span><\/p>\n<p>Es ist die Aufgabe des Sonderdienstes Strahlenschutz, nach einem Strahlenunfall, die von den menschlichen Sinnesorganen nicht wahrnehmbare Gefahr mit Hilfe von speziellen Messger\u00e4ten sichtbar zu machen. Der Einsatz der Strahlenschutztrupps hat in erster Linie den Eigenschutz der eingesetzten Feuerwehrkr\u00e4fte zum Ziel und die Feststellung bzw. Lokalisierung m\u00f6glicher Strahlenquellen. Mit speziellen Messger\u00e4ten werden Dosisleistungen der radioaktiven Strahlung bestimmt, um dadurch sinnvolle Absperrgrenzen festzulegen.<\/p>\n<p><strong><\/strong><\/p>\n<p><strong>Definition Strahlenunfall:<\/strong><\/p>\n<p>Der Strahlenunfall wird in einschl\u00e4gigen Normen als <b>\u201eunvorhergesehenes Ereignis, bei <\/b><b>welchem Personen m\u00f6glicherweise einer Strahlenexposition ausgesetzt wurden, wobei <\/b><b>h\u00f6chstzul\u00e4ssige Dosen \u00fcberschritten werden\u201c<\/b><\/p>\n<p>&nbsp;<\/p>\n<p>Zu den Grundaufgaben des Strahlenschutz der Feuerwehren geh\u00f6ren unter anderem:<\/p>\n<p><span style=\"font-size: 14px;\">\u2622 Eigenschutz der eingesetzten Hilfskr\u00e4fte<\/span><\/p>\n<p><span style=\"font-size: 14px;\">\u2622 Rettung von Menschen aus verstrahlten Gebieten<\/span><\/p>\n<p><span style=\"font-size: 14px;\">\u2622 Auffinden von Strahlenquellen<\/span><\/p>\n<p><span style=\"font-size: 14px;\">\u2622 Sicherstellen von verstrahlten Material und Brandschutt<\/span><\/p>\n<p><span style=\"font-size: 14px;\">\u2622 Strahlen sp\u00fcren und messen<\/span><\/p>\n<p><span style=\"font-size: 14px;\">\u2622 Absperren<\/span><\/p>\n<p>M\u00f6gliche Einsatzszenarien k\u00f6nnten sein, ohne Reihung nach Priorit\u00e4t:<\/p>\n<p><span style=\"font-size: 14px;\">\u2622 Fallout nach AKW-Unf\u00e4llen<\/span><\/p>\n<p><span style=\"font-size: 14px;\">\u2622 Unf\u00e4lle bei Transporten von radioaktiven Stoffen<\/span><\/p>\n<p><span style=\"font-size: 14px;\">\u2622 Absturz nuklearbetriebener Satelliten<\/span><\/p>\n<p><span style=\"font-size: 14px;\">\u2622 Terroristische Handlungen durch Kontamination \u00f6ffentlicher Bereiche<\/span><\/p>\n<p>&nbsp;<\/p>\n<p>Wie in vielen anderen Bereichen auch, wird mitunter \u00fcber sie Sinnhaftigkeit des Strahlenschutzes diskutiert. Die st\u00e4ndige Weiterbildung und Entwicklung der Materie sowie auch \u00fcber die Kosten die dadurch entstehen stellen nat\u00fcrlich Herausforderungen an die Feuerwehren \u00fcber die auch oft diskutiert wird. Doch erlauben Sie mir folgenden Satz: \u201eEine Sonnenschutzcreme erst <b>nach<\/b> dem Sonnenbrand aufzubringen ist auch sinnlos\u201c meint ihr Strahlenschutzbeauftragter,<br \/>HBI Helmut Zink, FF Hengsberg<\/p>\n<p>[\/et_pb_text][\/et_pb_column][\/et_pb_row][\/et_pb_section]<\/p>\n","protected":false},"excerpt":{"rendered":"<p>&nbsp; Als Strahlenschutzst\u00fctzpunkt des Bereiches Leibnitz tr\u00e4gt die FF Hengsberg eine gro\u00dfe Verantwortung in diesem Bereich.\u00a0 &nbsp;UV, GSM, UMTS, WLAN, LTE, TV, Funk, R\u00f6ntgen, IR, Erdstrahlen uvm. K\u00f6nnten wir die Strahlen einf\u00e4rben, w\u00fcrden wir wohl in einem undurchsichtigen Farbennebel leben! Ganz so schlimm ist es aber (noch) nicht. Seit jeher ist der Mensch ionisierender Strahlung [&hellip;]<\/p>\n","protected":false},"author":1,"featured_media":0,"parent":0,"menu_order":0,"comment_status":"closed","ping_status":"open","template":"","meta":{"_et_pb_use_builder":"on","_et_pb_old_content":"<!-- wp:heading {\"level\":3} -->\n<h3><strong>Sonderdienst Strahlenschutz<\/strong><\/h3>\n<!-- \/wp:heading -->\n\n<p>UV, GSM, UMTS, WLAN, LTE, TV, Funk, R\u00f6ntgen, IR, Erdstrahlen uvm. K\u00f6nnten wir die Strahlen einf\u00e4rben, w\u00fcrden wir wohl in einem undurchsichtigen Farbennebel leben! Ganz so schlimm ist es aber (noch) nicht. Seit jeher ist der Mensch ionisierender Strahlung ausgesetzt. Die nat\u00fcrlich auftretende Strahlung kommt aus dem Weltraum und von nat\u00fcrlich radioaktiven Stoffen in der Umwelt, vor allem in den B\u00f6den und Gesteinen der Erdkruste. Jedoch mit der technischen Entwicklung hat sich der Mensch in zunehmendem Ma\u00dfe ionisierende Strahlung nutzbar gemacht. Diese Strahlung kann aber Mensch und Umwelt sch\u00e4digen.<\/p>\n<p>Es ist die Aufgabe des Sonderdienstes Strahlenschutz, nach einem Strahlenunfall, die von den menschlichen Sinnesorganen nicht wahrnehmbare Gefahr mit Hilfe von speziellen Messger\u00e4ten sichtbar zu machen. Der Einsatz der Strahlenschutztrupps hat in erster Linie den Eigenschutz der eingesetzten Feuerwehrkr\u00e4fte zum Ziel und die Feststellung bzw. Lokalisierung m\u00f6glicher Strahlenquellen. Mit speziellen Messger\u00e4ten werden Dosisleistungen der radioaktiven Strahlung bestimmt, um dadurch sinnvolle Absperrgrenzen festzulegen.<\/p>\n<p><strong>Definition Strahlenunfall:<\/strong><\/p>\n<p>Der Strahlenunfall wird in einschl\u00e4gigen Normen als <b>\u201eunvorhergesehenes Ereignis, bei<\/b><\/p>\n<p><b>welchem Personen m\u00f6glicherweise einer Strahlenexposition ausgesetzt wurden, wobei<\/b><\/p>\n<p><b>h\u00f6chstzul\u00e4ssige Dosen \u00fcberschritten werden\u201c<\/b><\/p>\n<p>&nbsp;<\/p>\n<p>Zu den Grundaufgaben des Strahlenschutz der Feuerwehren geh\u00f6ren unter anderem:<\/p>\n<ul>\n<li style=\"list-style-type: none;\">\n<ul>\u2622 Eigenschutz der eingesetzten Hilfskr\u00e4fte<\/ul>\n<\/li>\n<\/ul>\n<ul>\n<li style=\"list-style-type: none;\">\n<ul>\u2622 Rettung von Menschen aus verstrahlten Gebieten<\/ul>\n<\/li>\n<\/ul>\n<ul>\n<li style=\"list-style-type: none;\">\n<ul>\u2622 Auffinden von Strahlenquellen<\/ul>\n<\/li>\n<\/ul>\n<ul>\n<li style=\"list-style-type: none;\">\n<ul>\u2622 Sicherstellen von verstrahlten Material und Brandschutt<\/ul>\n<\/li>\n<\/ul>\n<ul>\n<li style=\"list-style-type: none;\">\n<ul>\u2622 Strahlen sp\u00fcren und messen<\/ul>\n<\/li>\n<\/ul>\n<ul>\n<li style=\"list-style-type: none;\">\n<ul>\u2622 Absperren<\/ul>\n<\/li>\n<\/ul>\n<p>&nbsp;<\/p>\n<p>M\u00f6gliche Einsatzszenarien k\u00f6nnten sein, ohne Reihung nach Priorit\u00e4t:<\/p>\n<ul>\n<li style=\"list-style-type: none;\">\n<ul>\u2622 Fallout nach AKW-Unf\u00e4llen<\/ul>\n<\/li>\n<\/ul>\n<ul>\n<li style=\"list-style-type: none;\">\n<ul>\u2622 Unf\u00e4lle bei Transporten von radioaktiven Stoffen<\/ul>\n<\/li>\n<\/ul>\n<ul>\n<li style=\"list-style-type: none;\">\n<ul>\u2622 Absturz nuklearbetriebener Satelliten<\/ul>\n<\/li>\n<\/ul>\n<ul>\n<li style=\"list-style-type: none;\">\n<ul>\u2622 Terroristische Handlungen durch Kontamination \u00f6ffentlicher Bereiche<\/ul>\n<\/li>\n<\/ul>\n<p>&nbsp;<\/p>\n<p>Wie in vielen anderen Bereichen auch, wird mitunter \u00fcber sie Sinnhaftigkeit des Strahlenschutzes diskutiert. Die st\u00e4ndige Weiterbildung und Entwicklung der Materie sowie auch \u00fcber die Kosten die dadurch entstehen stellen nat\u00fcrlich Herausforderungen an die Feuerwehren \u00fcber die auch oft diskutiert wird. Doch erlauben Sie mir folgenden Satz: \u201eEine Sonnenschutzcreme erst <b>nach<\/b> dem Sonnenbrand aufzubringen ist auch sinnlos\u201c meint ihr Strahlenschutzbeauftragter,<br>HBI Helmut Zink, FF Hengsberg<\/p>","_et_gb_content_width":"","footnotes":""},"class_list":["post-1240","page","type-page","status-publish","hentry"],"_links":{"self":[{"href":"https:\/\/ff-hengsberg.at\/index.php?rest_route=\/wp\/v2\/pages\/1240","targetHints":{"allow":["GET"]}}],"collection":[{"href":"https:\/\/ff-hengsberg.at\/index.php?rest_route=\/wp\/v2\/pages"}],"about":[{"href":"https:\/\/ff-hengsberg.at\/index.php?rest_route=\/wp\/v2\/types\/page"}],"author":[{"embeddable":true,"href":"https:\/\/ff-hengsberg.at\/index.php?rest_route=\/wp\/v2\/users\/1"}],"replies":[{"embeddable":true,"href":"https:\/\/ff-hengsberg.at\/index.php?rest_route=%2Fwp%2Fv2%2Fcomments&post=1240"}],"version-history":[{"count":19,"href":"https:\/\/ff-hengsberg.at\/index.php?rest_route=\/wp\/v2\/pages\/1240\/revisions"}],"predecessor-version":[{"id":2963,"href":"https:\/\/ff-hengsberg.at\/index.php?rest_route=\/wp\/v2\/pages\/1240\/revisions\/2963"}],"wp:attachment":[{"href":"https:\/\/ff-hengsberg.at\/index.php?rest_route=%2Fwp%2Fv2%2Fmedia&parent=1240"}],"curies":[{"name":"wp","href":"https:\/\/api.w.org\/{rel}","templated":true}]}}