{"id":1238,"date":"2015-10-24T17:35:07","date_gmt":"2015-10-24T15:35:07","guid":{"rendered":"http:\/\/ff-hengsberg.at\/?page_id=1238"},"modified":"2023-12-20T14:02:23","modified_gmt":"2023-12-20T12:02:23","slug":"ausruestung","status":"publish","type":"page","link":"https:\/\/ff-hengsberg.at\/?page_id=1238","title":{"rendered":"Ausr\u00fcstung"},"content":{"rendered":"<p>[et_pb_section fb_built=&#8220;1&#8243; fullwidth=&#8220;on&#8220; disabled_on=&#8220;off|off|off&#8220; admin_label=&#8220;Hero&#8220; _builder_version=&#8220;4.16&#8243; background_color=&#8220;#1f1f1f&#8220; parallax=&#8220;on&#8220; custom_padding=&#8220;|||&#8220; transparent_background=&#8220;on&#8220; global_colors_info=&#8220;{}&#8220;][et_pb_fullwidth_header title=&#8220;Ausr\u00fcstung &#038; Ger\u00e4t&#8220; background_overlay_color=&#8220;rgba(31,31,31,0.85)&#8220; subhead_font_color=&#8220;#bebebe&#8220; _builder_version=&#8220;4.17.4&#8243; title_font=&#8220;Alata||||||||&#8220; title_text_color=&#8220;#ffffff&#8220; title_font_size=&#8220;72px&#8220; title_line_height=&#8220;1.3em&#8220; content_font=&#8220;Montserrat||||&#8220; content_text_color=&#8220;#bfbfbf&#8220; content_font_size=&#8220;19px&#8220; content_line_height=&#8220;1.8em&#8220; subhead_font=&#8220;Montserrat||||&#8220; subhead_text_color=&#8220;#bebebe&#8220; subhead_line_height=&#8220;1.8em&#8220; background_color=&#8220;rgba(255, 255, 255, 0)&#8220; background_image=&#8220;https:\/\/ff-hengsberg.at\/wp-content\/uploads\/2019\/05\/k-IMG_0879.jpg&#8220; parallax=&#8220;on&#8220; parallax_method=&#8220;on&#8220; custom_padding=&#8220;2%||2%||false|false&#8220; animation_style=&#8220;zoom&#8220; animation_duration=&#8220;1500ms&#8220; animation_intensity_zoom=&#8220;4%&#8220; title_line_height_last_edited=&#8220;off|desktop&#8220; global_colors_info=&#8220;{}&#8220; button_one_text_size__hover_enabled=&#8220;off&#8220; button_two_text_size__hover_enabled=&#8220;off&#8220; button_one_text_color__hover_enabled=&#8220;off&#8220; button_two_text_color__hover_enabled=&#8220;off&#8220; button_one_border_width__hover_enabled=&#8220;off&#8220; button_two_border_width__hover_enabled=&#8220;off&#8220; button_one_border_color__hover_enabled=&#8220;off&#8220; button_two_border_color__hover_enabled=&#8220;off&#8220; button_one_border_radius__hover_enabled=&#8220;off&#8220; button_two_border_radius__hover_enabled=&#8220;off&#8220; button_one_letter_spacing__hover_enabled=&#8220;off&#8220; button_two_letter_spacing__hover_enabled=&#8220;off&#8220; button_one_bg_color__hover_enabled=&#8220;off&#8220; button_two_bg_color__hover_enabled=&#8220;off&#8220;]<\/p>\n<p>&nbsp;<\/p>\n<p>Was der FF Hengsberg zur Verf\u00fcgung steht um ihr Einsatzspektrum abarbeiten zu k\u00f6nnen.<\/p>\n<p>&nbsp;<\/p>\n<p>[\/et_pb_fullwidth_header][\/et_pb_section][et_pb_section fb_built=&#8220;1&#8243; _builder_version=&#8220;4.16&#8243; global_colors_info=&#8220;{}&#8220;][et_pb_row _builder_version=&#8220;4.17.4&#8243; _module_preset=&#8220;default&#8220; global_colors_info=&#8220;{}&#8220;][et_pb_column type=&#8220;4_4&#8243; _builder_version=&#8220;4.17.4&#8243; _module_preset=&#8220;default&#8220; global_colors_info=&#8220;{}&#8220;][et_pb_image src=&#8220;https:\/\/ff-hengsberg.at\/wp-content\/uploads\/2013\/06\/geraet.jpg&#8220; title_text=&#8220;geraet&#8220; _builder_version=&#8220;4.17.4&#8243; _module_preset=&#8220;default&#8220; global_colors_info=&#8220;{}&#8220;][\/et_pb_image][\/et_pb_column][\/et_pb_row][et_pb_row _builder_version=&#8220;4.16&#8243; background_size=&#8220;initial&#8220; background_position=&#8220;top_left&#8220; background_repeat=&#8220;repeat&#8220; global_colors_info=&#8220;{}&#8220;][et_pb_column type=&#8220;4_4&#8243; _builder_version=&#8220;4.16&#8243; custom_padding=&#8220;|||&#8220; global_colors_info=&#8220;{}&#8220; custom_padding__hover=&#8220;|||&#8220;][et_pb_text _builder_version=&#8220;4.23.1&#8243; text_font=&#8220;Montserrat||||||||&#8220; background_size=&#8220;initial&#8220; background_position=&#8220;top_left&#8220; background_repeat=&#8220;repeat&#8220; hover_enabled=&#8220;0&#8243; global_colors_info=&#8220;{}&#8220; sticky_enabled=&#8220;0&#8243;]<\/p>\n<h4>TLF-A 2000<\/h4>\n<p>Tankl\u00f6schfahrzeug mit 2000 Liter Wassertank und Allrad-Antrieb.<\/p>\n<h4>MTF (ausgemustert November 2023)<\/h4>\n<p>Mannschaftstransportfahrzeug<\/p>\n<h4>MTFA<\/h4>\n<p>Mannschaftstransportfahrzeug mit Allrad-Antrieb (nicht im Foto)<\/p>\n<h4>TS<\/h4>\n<p>Tragkraftspritze<\/p>\n<h4>Strahlenschutzanh\u00e4nger<\/h4>\n<p>Der Strahlenschutzst\u00fctzpunkt f\u00fcr den Bezirk Leibnitz befindet sich in Hengsberg<\/p>\n<p>[\/et_pb_text][\/et_pb_column][\/et_pb_row][\/et_pb_section]<\/p>\n","protected":false},"excerpt":{"rendered":"<p>&nbsp; Was der FF Hengsberg zur Verf\u00fcgung steht um ihr Einsatzspektrum abarbeiten zu k\u00f6nnen. &nbsp;TLF-A 2000 Tankl\u00f6schfahrzeug mit 2000 Liter Wassertank und Allrad-Antrieb. MTF (ausgemustert November 2023) Mannschaftstransportfahrzeug MTFA Mannschaftstransportfahrzeug mit Allrad-Antrieb (nicht im Foto) TS Tragkraftspritze Strahlenschutzanh\u00e4nger Der Strahlenschutzst\u00fctzpunkt f\u00fcr den Bezirk Leibnitz befindet sich in Hengsberg<\/p>\n","protected":false},"author":1,"featured_media":0,"parent":0,"menu_order":0,"comment_status":"closed","ping_status":"open","template":"","meta":{"_et_pb_use_builder":"on","_et_pb_old_content":"<h2><a href=\"http:\/\/ff-hengsberg.at\/wp-content\/uploads\/2013\/06\/geraet.jpg\"><img class=\"aligncenter wp-image-225\" src=\"http:\/\/ff-hengsberg.at\/wp-content\/uploads\/2013\/06\/geraet-1024x647.jpg\" alt=\"geraet\" width=\"614\" height=\"388\"><\/a><\/h2>\n<h4>TLF-A 2000<\/h4>\nTankl\u00f6schfahrzeug mit 2000 Liter Wassertank und Allrad-Antrieb.\n<h4>MTF<\/h4>\nMannschaftstransportfahrzeug\n<h4>TS<\/h4>\nTragkraftspritze\n<h4>Strahlenschutzanh\u00e4nger<\/h4>\nDer Strahlenschutzst\u00fctzpunkt f\u00fcr den Bezirk Leibnitz befindet sich in Hengsberg","_et_gb_content_width":"","footnotes":""},"class_list":["post-1238","page","type-page","status-publish","hentry"],"_links":{"self":[{"href":"https:\/\/ff-hengsberg.at\/index.php?rest_route=\/wp\/v2\/pages\/1238","targetHints":{"allow":["GET"]}}],"collection":[{"href":"https:\/\/ff-hengsberg.at\/index.php?rest_route=\/wp\/v2\/pages"}],"about":[{"href":"https:\/\/ff-hengsberg.at\/index.php?rest_route=\/wp\/v2\/types\/page"}],"author":[{"embeddable":true,"href":"https:\/\/ff-hengsberg.at\/index.php?rest_route=\/wp\/v2\/users\/1"}],"replies":[{"embeddable":true,"href":"https:\/\/ff-hengsberg.at\/index.php?rest_route=%2Fwp%2Fv2%2Fcomments&post=1238"}],"version-history":[{"count":7,"href":"https:\/\/ff-hengsberg.at\/index.php?rest_route=\/wp\/v2\/pages\/1238\/revisions"}],"predecessor-version":[{"id":3383,"href":"https:\/\/ff-hengsberg.at\/index.php?rest_route=\/wp\/v2\/pages\/1238\/revisions\/3383"}],"wp:attachment":[{"href":"https:\/\/ff-hengsberg.at\/index.php?rest_route=%2Fwp%2Fv2%2Fmedia&parent=1238"}],"curies":[{"name":"wp","href":"https:\/\/api.w.org\/{rel}","templated":true}]}}